{"id":1896,"date":"2019-04-03T23:05:28","date_gmt":"2019-04-03T20:05:28","guid":{"rendered":"https:\/\/lunahotel.md\/?page_id=1896"},"modified":"2025-06-30T10:06:51","modified_gmt":"2025-06-30T07:06:51","slug":"restaurant","status":"publish","type":"page","link":"https:\/\/lunahotel.md\/ro\/restaurant\/","title":{"rendered":"Restaurant"},"content":{"rendered":"<p>[vc_row css=&#8221;.vc_custom_1555685662448{margin-right: 5% !important;margin-bottom: 50px !important;margin-left: 5% !important;}&#8221;][vc_column][vc_column_text]<\/p>\n<p><img loading=\"lazy\" class=\"size-large wp-image-2655 aligncenter\" src=\"https:\/\/lunahotel.md\/wp-content\/uploads\/2019\/06\/6-1024x683.jpg\" alt=\"\" width=\"1024\" height=\"683\" srcset=\"https:\/\/lunahotel.md\/wp-content\/uploads\/2019\/06\/6-1024x683.jpg 1024w, https:\/\/lunahotel.md\/wp-content\/uploads\/2019\/06\/6-300x200.jpg 300w, https:\/\/lunahotel.md\/wp-content\/uploads\/2019\/06\/6-768x512.jpg 768w, https:\/\/lunahotel.md\/wp-content\/uploads\/2019\/06\/6-100x67.jpg 100w, https:\/\/lunahotel.md\/wp-content\/uploads\/2019\/06\/6.jpg 1500w\" sizes=\"(max-width: 1024px) 100vw, 1024px\" \/>Alimenta\u0163ia reprezint\u0103 un aspect important \u00een via\u0163a de zi cu zi, \u00een special c\u00eend ne afl\u0103m departe de cas\u0103. \u00cens\u0103 \u00een calitate de client al Hotelului \u201cLuna\u201d aceasta nu\u00a0 reprezint\u0103 o preocupare. Pe perioada caz\u0103rii, sunte\u0163i asigurat de calitatea serviciilor oferite \u015fi buc\u0103t\u0103ria rafinat\u0103 a Hotelului.<\/p>\n<p>O buc\u0103trie rafinat\u0103 reprezint\u0103 simbolul prestigiului pentru orice restaurant. Din acest motiv, \u00een Restaurantul Hotelului \u201cLuna\u201d pute\u0163i alege cele mai gustoase bucate ale buc\u0103t\u0103riei moldovene\u015fti \u015fi europene. O gam\u0103 variat\u0103 de produse proaspete \u015fi de cea mai \u00eenalt\u0103 calitate,sunt oferite pentru toate gusturile \u015fi preferin\u0163ele.<\/p>\n<p>Restaurantul Hotelului \u201cLuna\u201d este deschis p\u00e2n\u0103 la ultimul client, iar comanda pentru preg\u0103tirea bucatelor se prime\u0219te p\u00e2n\u0103 la ora 22.15, astfel \u00eenc\u00eet v\u0103 pute\u0163i bucura de o cin\u0103 tradi\u0163ional\u0103, de cocktailuri sau de o gustare. V\u0103 pute\u0163i relaxa, s\u0103 petrece\u0163i frumos timpul sau s\u0103 asculta\u0163i o muzic\u0103 bun\u0103.<\/p>\n<p>C\u00eend ave\u0163i nevoie de un Pr\u00eenz de Afaceri,nu este nevoie s\u0103 c\u0103uta\u0163i un alt local \u00een Chisin\u0103u,v\u0103 pue\u0163i invita partenerii de afaceri la restaurantul Hotelului.<\/p>\n<p>Micul Dejun se ofer\u0103 pentru orice preferin\u0163\u0103 \u015fi este inclus \u00een Pre\u0163ul Caz\u0103rii. \u00cen caz c\u0103 dori\u0163i mai mult\u0103 intimitate, pute\u0163i comanda Micul Dejun \u00een camera Dvs. Clien\u0163ii hotelului se pot bucura \u015fi de terasa Restaurantului. Pot comanda b\u0103uturi sau bucate la gr\u0103tar, preg\u0103tite chiar la gr\u0103tarul terasei.<\/p>\n<p>\u00cen curtea Hotelului, pot fi organizate manifesta\u0163ii cu bufet suedez pentru 50 persoane.<\/p>\n<p>Hotelul \u201cLuna\u201d ofer\u0103 un alt serviciu util \u015fi necesar &#8211; organizarea banchetelor. Pot fi organizate orice tip de s\u0103rb\u0103tori \u015fi festivit\u0103\u0163i &#8211; fie \u00eent\u00eelnirea cu prietenii, partenerii de afaceri sau petrecerile corporative. \u00cencrez\u00eendu-v\u0103 \u00een profesionalismul nostru, v\u0103 ve\u0163i bucura de o s\u0103rb\u0103toare mult dorit\u0103, organizat\u0103 doar dup\u0103u preferin\u0163ele Dvs.<\/p>\n<p>\u00cen lunile calde ale anului, v\u0103 putem oferi terasa cu capacitatea de p\u00een\u0103 la 50 persoane astfel \u00eenc\u00eet s\u0103 v\u0103 pute\u0163i bucura de frumuse\u0163ea naturii, aer curat, culori minunate, bucate de cea mai \u00eenalt\u0103 calitate \u015fi servicii excelente. Terasa are buc\u0103t\u0103rie deschis\u0103 iar buc\u0103tarul v\u0103 va surprinde cu profesionalismul bucatelor alese.<\/p>\n<p>Noi v\u0103 amenaj\u0103m masa la teras\u0103 sau la restaurant, astfel \u00eenc\u00eet orice eveniment petrecut la Hotelul \u201cLuna\u201d s\u0103 r\u0103m\u00een\u0103 de neuitat.<\/p>\n\n\t\t<div id='gallery-1' class='gallery galleryid-1896 gallery-columns-4 gallery-size-medium'><div class='gallery-item'><div class='gallery-icon'><a href=\"https:\/\/lunahotel.md\/wp-content\/uploads\/2019\/04\/8-1.jpg\" data-gal=\"prettyPhoto[gallery-1]\" title=\"8\"><img src=\"https:\/\/lunahotel.md\/wp-content\/uploads\/2019\/04\/8-1.jpg\" alt=\"\" \/><\/a><\/div><\/div><div class='gallery-item'><div class='gallery-icon'><a href=\"https:\/\/lunahotel.md\/wp-content\/uploads\/2019\/04\/7-1.jpg\" data-gal=\"prettyPhoto[gallery-1]\" title=\"7\"><img src=\"https:\/\/lunahotel.md\/wp-content\/uploads\/2019\/04\/7-1.jpg\" alt=\"\" \/><\/a><\/div><\/div><div class='gallery-item'><div class='gallery-icon'><a href=\"https:\/\/lunahotel.md\/wp-content\/uploads\/2019\/04\/6-1.jpg\" data-gal=\"prettyPhoto[gallery-1]\" title=\"6\"><img src=\"https:\/\/lunahotel.md\/wp-content\/uploads\/2019\/04\/6-1.jpg\" alt=\"\" \/><\/a><\/div><\/div><div class='gallery-item'><div class='gallery-icon'><a href=\"https:\/\/lunahotel.md\/wp-content\/uploads\/2019\/04\/5-1.jpg\" data-gal=\"prettyPhoto[gallery-1]\" title=\"5\"><img src=\"https:\/\/lunahotel.md\/wp-content\/uploads\/2019\/04\/5-1.jpg\" alt=\"\" \/><\/a><\/div><\/div><div class='gallery-item'><div class='gallery-icon'><a href=\"https:\/\/lunahotel.md\/wp-content\/uploads\/2019\/04\/4.jpg\" data-gal=\"prettyPhoto[gallery-1]\" title=\"4\"><img src=\"https:\/\/lunahotel.md\/wp-content\/uploads\/2019\/04\/4.jpg\" alt=\"\" \/><\/a><\/div><\/div><div class='gallery-item'><div class='gallery-icon'><a href=\"https:\/\/lunahotel.md\/wp-content\/uploads\/2019\/04\/1.jpg\" data-gal=\"prettyPhoto[gallery-1]\" title=\"1\"><img src=\"https:\/\/lunahotel.md\/wp-content\/uploads\/2019\/04\/1.jpg\" alt=\"\" \/><\/a><\/div><\/div><div class='gallery-item'><div class='gallery-icon'><a href=\"https:\/\/lunahotel.md\/wp-content\/uploads\/2019\/05\/878787.jpg\" data-gal=\"prettyPhoto[gallery-1]\" title=\"878787\"><img src=\"https:\/\/lunahotel.md\/wp-content\/uploads\/2019\/05\/878787.jpg\" alt=\"\" \/><\/a><\/div><\/div><div class='gallery-item'><div class='gallery-icon'><a href=\"https:\/\/lunahotel.md\/wp-content\/uploads\/2019\/05\/8768787.jpg\" data-gal=\"prettyPhoto[gallery-1]\" title=\"8768787\"><img src=\"https:\/\/lunahotel.md\/wp-content\/uploads\/2019\/05\/8768787.jpg\" alt=\"\" \/><\/a><\/div><\/div><div class='gallery-item'><div class='gallery-icon'><a href=\"https:\/\/lunahotel.md\/wp-content\/uploads\/2019\/05\/768687.jpg\" data-gal=\"prettyPhoto[gallery-1]\" title=\"768687\"><img src=\"https:\/\/lunahotel.md\/wp-content\/uploads\/2019\/05\/768687.jpg\" alt=\"\" \/><\/a><\/div><\/div><div class='gallery-item'><div class='gallery-icon'><a href=\"https:\/\/lunahotel.md\/wp-content\/uploads\/2019\/05\/87678.jpg\" data-gal=\"prettyPhoto[gallery-1]\" title=\"87678\"><img src=\"https:\/\/lunahotel.md\/wp-content\/uploads\/2019\/05\/87678.jpg\" alt=\"\" \/><\/a><\/div><\/div><div class='gallery-item'><div class='gallery-icon'><a href=\"https:\/\/lunahotel.md\/wp-content\/uploads\/2019\/05\/7687.jpg\" data-gal=\"prettyPhoto[gallery-1]\" title=\"7687\"><img src=\"https:\/\/lunahotel.md\/wp-content\/uploads\/2019\/05\/7687.jpg\" alt=\"\" \/><\/a><\/div><\/div><div class='gallery-item'><div class='gallery-icon'><a href=\"https:\/\/lunahotel.md\/wp-content\/uploads\/2019\/06\/546.jpg\" data-gal=\"prettyPhoto[gallery-1]\" title=\"546\"><img src=\"https:\/\/lunahotel.md\/wp-content\/uploads\/2019\/06\/546.jpg\" alt=\"\" \/><\/a><\/div><\/div>\n\t\t\t<br style='clear: both;' \/>\n\t\t<\/div>\n\n<p>O completare armonioas\u0103 a meniului este reprezentat\u0103 de sortimentul variat de cele mai bune vinuri moldovene\u015fti de colec\u0163ie \u015fi alte b\u0103uturi alcoolice. Barul confortabil amenajat v\u0103 ofer\u0103 sucuri naturale, diverse tipuri de cafea, ceai \u015fi diverse b\u0103uturi alcoolice.<\/p>\n<p>Barul lucreaz\u0103 de la 10.00 diminea\u0163a p\u00een\u0103 la 23.00. C\u00eet e de pl\u0103cut\u00a0 s\u0103 stai cu prietenii la un pahar de vin sau la o cafea, \u00eentr-o atmosfer\u0103 cald\u0103 \u015fi primitoare\u00a0 completat\u0103 de o gam\u0103 variat\u0103 de bucate \u015fi servicii excelente![\/vc_column_text][\/vc_column][\/vc_row]<\/p>\n","protected":false},"excerpt":{"rendered":"<p>[vc_row css=&#8221;.vc_custom_1555685662448{margin-right: 5% !important;margin-bottom: 50px !important;margin-left: 5% !important;}&#8221;][vc_column][vc_column_text] Alimenta\u0163ia reprezint\u0103 un aspect important \u00een via\u0163a de zi cu zi, \u00een special c\u00eend ne afl\u0103m departe de cas\u0103. \u00cens\u0103 \u00een calitate de client al Hotelului \u201cLuna\u201d aceasta nu\u00a0 reprezint\u0103 o preocupare. Pe perioada caz\u0103rii, sunte\u0163i asigurat de calitatea serviciilor oferite \u015fi buc\u0103t\u0103ria rafinat\u0103 a Hotelului. O<\/p>\n<a href=\"https:\/\/lunahotel.md\/ro\/restaurant\/\" class=\"sohohotel-more-link\">Mai mult<i class=\"fa fa-angle-right\"><\/i><\/a>","protected":false},"author":1,"featured_media":1631,"parent":0,"menu_order":0,"comment_status":"closed","ping_status":"closed","template":"","meta":[],"_links":{"self":[{"href":"https:\/\/lunahotel.md\/ro\/wp-json\/wp\/v2\/pages\/1896\/"}],"collection":[{"href":"https:\/\/lunahotel.md\/ro\/wp-json\/wp\/v2\/pages\/"}],"about":[{"href":"https:\/\/lunahotel.md\/ro\/wp-json\/wp\/v2\/types\/page\/"}],"author":[{"embeddable":true,"href":"https:\/\/lunahotel.md\/ro\/wp-json\/wp\/v2\/users\/1\/"}],"replies":[{"embeddable":true,"href":"https:\/\/lunahotel.md\/ro\/wp-json\/wp\/v2\/comments\/?post=1896"}],"version-history":[{"count":1,"href":"https:\/\/lunahotel.md\/ro\/wp-json\/wp\/v2\/pages\/1896\/revisions\/"}],"predecessor-version":[{"id":3088,"href":"https:\/\/lunahotel.md\/ro\/wp-json\/wp\/v2\/pages\/1896\/revisions\/3088\/"}],"wp:featuredmedia":[{"embeddable":true,"href":"https:\/\/lunahotel.md\/ro\/wp-json\/wp\/v2\/media\/1631\/"}],"wp:attachment":[{"href":"https:\/\/lunahotel.md\/ro\/wp-json\/wp\/v2\/media\/?parent=1896"}],"curies":[{"name":"wp","href":"https:\/\/api.w.org\/{rel}","templated":true}]}}