{"id":1683,"date":"2019-03-30T21:53:42","date_gmt":"2019-03-30T18:53:42","guid":{"rendered":"https:\/\/lunahotel.md\/?page_id=1683"},"modified":"2019-05-29T07:05:01","modified_gmt":"2019-05-29T04:05:01","slug":"rooms","status":"publish","type":"page","link":"https:\/\/lunahotel.md\/ro\/rooms\/","title":{"rendered":"Camere"},"content":{"rendered":"<p>[vc_row css=&#8221;.vc_custom_1555605931284{padding-right: 5% !important;padding-left: 5% !important;}&#8221;][vc_column][vc_wp_text]<\/p>\n<p style=\"text-align: center; ; font-size: 1.2em;\"><em>Camerele \u0219i apartamentele noastre vor fi refugiu personal dac\u0103 dori\u021bi o intimitate complet\u0103. Acestea ofer\u0103 toate facilit\u0103\u021bile de care v\u0103 pute\u021bi a\u0219tepta de la o camer\u0103 \u00eentr-un hotel bun.<\/em><\/p>\n<p>[\/vc_wp_text][\/vc_column][\/vc_row][vc_row css=&#8221;.vc_custom_1553976413841{margin-bottom: 70px !important;}&#8221;][vc_column]\t\t\n\t\t\t\t\t\n\t\t\t<!-- BEGIN .accommodation-block-wrapper -->\n\t\t\t<div class=\"accommodation-block-wrapper accommodation-2-cols clearfix\">\n\t\t\t\n\t\t\t\t\n\t\t\t\t\t\n\t\t\t<!-- BEGIN .accommodation-block -->\n\t\t\t<div class=\"accommodation-block clearfix\">\n\n\t\t\t\t<div class=\"accommodation-block-image\">\n\t\t\t\t\t\t\t\t\t\t\t<a href=\"https:\/\/lunahotel.md\/ro\/accommodation\/deluxe-ensuite-room\/\" rel=\"bookmark\" title=\"Single Superior\">\n\t\t\t\t\t\t\t\t\t\t\t\t\t\t<img src=\"https:\/\/lunahotel.md\/wp-content\/uploads\/2018\/09\/singa_super783x417-1-600x380.png\" alt=\"Single Superior\" \/>\t\t\t\t\t\t<\/a>\n\t\t\t\t\t\t\t\t\t<\/div>\n\n\t\t\t\t<div class=\"accommodation-block-content\">\n\t\t\t\t\t<h4><a href=\"https:\/\/lunahotel.md\/ro\/accommodation\/deluxe-ensuite-room\/\" rel=\"bookmark\" title=\"Single Superior\">Single Superior<\/a><\/h4>\n\t\t\t\t\t<div class=\"title-block-2\"><\/div>\n\n\t\t\t\t\t\t\t\t\t\t\n\t\t\t\t\t<ul>\r\n<li><span>Ocupare:<\/span> 2 Persoane<\/li>\r\n<li><span>Suprafa\u021ba: 32 mp<\/li>\r\n<\/ul>\n\t\t\t\t\t<div class=\"clearfix\">\n\t\t\t\t\t\t<a href=\"#\" class=\"price-button\">de la \u20ac70.00 pe noapte<\/a>\n\t\t\t\t\t\t<a href=\"https:\/\/lunahotel.md\/ro\/accommodation\/deluxe-ensuite-room\/\" class=\"view-details-button\">Vezi detalii <i class=\"fa fa-angle-right\"><\/i><\/a>\n\t\t\t\t\t<\/div>\n\n\t\t\t\t<\/div>\n\n\t\t\t<!-- END .accommodation-block -->\n\t\t\t<\/div>\n\t\t\t\n\t\t\t\t\t\n\t\t\t<!-- BEGIN .accommodation-block -->\n\t\t\t<div class=\"accommodation-block clearfix\">\n\n\t\t\t\t<div class=\"accommodation-block-image\">\n\t\t\t\t\t\t\t\t\t\t\t<a href=\"https:\/\/lunahotel.md\/ro\/accommodation\/premium-king-room\/\" rel=\"bookmark\" title=\"Double Standart\">\n\t\t\t\t\t\t\t\t\t\t\t\t\t\t<img src=\"https:\/\/lunahotel.md\/wp-content\/uploads\/2019\/03\/358deae88afef55096292deb55560eb5d104b74b-1-600x380.jpeg\" alt=\"Double Standart\" \/>\t\t\t\t\t\t<\/a>\n\t\t\t\t\t\t\t\t\t<\/div>\n\n\t\t\t\t<div class=\"accommodation-block-content\">\n\t\t\t\t\t<h4><a href=\"https:\/\/lunahotel.md\/ro\/accommodation\/premium-king-room\/\" rel=\"bookmark\" title=\"Double Standart\">Double Standart<\/a><\/h4>\n\t\t\t\t\t<div class=\"title-block-2\"><\/div>\n\n\t\t\t\t\t\t\t\t\t\t\n\t\t\t\t\t<ul>\r\n<li><span>Ocupare:<\/span> 2 Persoane<\/li>\r\n<li><span>Suprafa\u021ba: 40 mp<\/li>\r\n<\/ul>\n\t\t\t\t\t<div class=\"clearfix\">\n\t\t\t\t\t\t<a href=\"#\" class=\"price-button\">de la \u20ac75.00 pe noapte<\/a>\n\t\t\t\t\t\t<a href=\"https:\/\/lunahotel.md\/ro\/accommodation\/premium-king-room\/\" class=\"view-details-button\">Vezi detalii <i class=\"fa fa-angle-right\"><\/i><\/a>\n\t\t\t\t\t<\/div>\n\n\t\t\t\t<\/div>\n\n\t\t\t<!-- END .accommodation-block -->\n\t\t\t<\/div>\n\t\t\t\n\t\t\t\t\t\n\t\t\t<!-- BEGIN .accommodation-block -->\n\t\t\t<div class=\"accommodation-block clearfix\">\n\n\t\t\t\t<div class=\"accommodation-block-image\">\n\t\t\t\t\t\t\t\t\t\t\t<a href=\"https:\/\/lunahotel.md\/ro\/accommodation\/standard-ensuite-rooma\/\" rel=\"bookmark\" title=\"Twin Lux\">\n\t\t\t\t\t\t\t\t\t\t\t\t\t\t<img src=\"https:\/\/lunahotel.md\/wp-content\/uploads\/2018\/09\/singa_super783x417-1-600x380.png\" alt=\"Twin Lux\" \/>\t\t\t\t\t\t<\/a>\n\t\t\t\t\t\t\t\t\t<\/div>\n\n\t\t\t\t<div class=\"accommodation-block-content\">\n\t\t\t\t\t<h4><a href=\"https:\/\/lunahotel.md\/ro\/accommodation\/standard-ensuite-rooma\/\" rel=\"bookmark\" title=\"Twin Lux\">Twin Lux<\/a><\/h4>\n\t\t\t\t\t<div class=\"title-block-2\"><\/div>\n\n\t\t\t\t\t\t\t\t\t\t\n\t\t\t\t\t<ul>\r\n<li><span>Ocupare:<\/span> 2 Persoane<\/li>\r\n<li><span>Suprafa\u021ba: 40 mp<\/li>\r\n<\/ul>\n\t\t\t\t\t<div class=\"clearfix\">\n\t\t\t\t\t\t<a href=\"#\" class=\"price-button\">de la \u20ac85.00 pe noapte<\/a>\n\t\t\t\t\t\t<a href=\"https:\/\/lunahotel.md\/ro\/accommodation\/standard-ensuite-rooma\/\" class=\"view-details-button\">Vezi detalii <i class=\"fa fa-angle-right\"><\/i><\/a>\n\t\t\t\t\t<\/div>\n\n\t\t\t\t<\/div>\n\n\t\t\t<!-- END .accommodation-block -->\n\t\t\t<\/div>\n\t\t\t\n\t\t\t\t\t\n\t\t\t<!-- BEGIN .accommodation-block -->\n\t\t\t<div class=\"accommodation-block clearfix\">\n\n\t\t\t\t<div class=\"accommodation-block-image\">\n\t\t\t\t\t\t\t\t\t\t\t<a href=\"https:\/\/lunahotel.md\/ro\/accommodation\/standard-ensuite-room\/\" rel=\"bookmark\" title=\"Standart Single\">\n\t\t\t\t\t\t\t\t\t\t\t\t\t\t<img src=\"https:\/\/lunahotel.md\/wp-content\/uploads\/2019\/03\/1-600x380.jpg\" alt=\"Standart Single\" \/>\t\t\t\t\t\t<\/a>\n\t\t\t\t\t\t\t\t\t<\/div>\n\n\t\t\t\t<div class=\"accommodation-block-content\">\n\t\t\t\t\t<h4><a href=\"https:\/\/lunahotel.md\/ro\/accommodation\/standard-ensuite-room\/\" rel=\"bookmark\" title=\"Standart Single\">Standart Single<\/a><\/h4>\n\t\t\t\t\t<div class=\"title-block-2\"><\/div>\n\n\t\t\t\t\t\t\t\t\t\t\n\t\t\t\t\t<ul>\r\n<li><span>Ocupare:<\/span> 2 Persoane<\/li>\r\n<li><span>Suprafa\u021ba: 26 mp<\/li>\r\n<\/ul>\n\t\t\t\t\t<div class=\"clearfix\">\n\t\t\t\t\t\t<a href=\"#\" class=\"price-button\">de la \u20ac65.00 pe noapte<\/a>\n\t\t\t\t\t\t<a href=\"https:\/\/lunahotel.md\/ro\/accommodation\/standard-ensuite-room\/\" class=\"view-details-button\">Vezi detalii <i class=\"fa fa-angle-right\"><\/i><\/a>\n\t\t\t\t\t<\/div>\n\n\t\t\t\t<\/div>\n\n\t\t\t<!-- END .accommodation-block -->\n\t\t\t<\/div>\n\t\t\t\n\t\t\t\t\n\t\t<!-- END .accommodation-block-wrapper -->\n\t\t<\/div>\n\t\t\n\t\t\n\t\t\t\t\n\t\t\t\n\t\t\t\t\n\t\t\t[\/vc_column][\/vc_row]<\/p>\n","protected":false},"excerpt":{"rendered":"<p>[vc_row css=&#8221;.vc_custom_1555605931284{padding-right: 5% !important;padding-left: 5% !important;}&#8221;][vc_column][vc_wp_text] Camerele \u0219i apartamentele noastre vor fi refugiu personal dac\u0103 dori\u021bi o intimitate complet\u0103. Acestea ofer\u0103 toate facilit\u0103\u021bile de care v\u0103 pute\u021bi a\u0219tepta de la o camer\u0103 \u00eentr-un hotel bun. [\/vc_wp_text][\/vc_column][\/vc_row][vc_row css=&#8221;.vc_custom_1553976413841{margin-bottom: 70px !important;}&#8221;][vc_column][\/vc_column][\/vc_row]<\/p>\n<a href=\"https:\/\/lunahotel.md\/ro\/accommodation\/standard-ensuite-room\/\" class=\"sohohotel-more-link\">Mai mult<i class=\"fa fa-angle-right\"><\/i><\/a>","protected":false},"author":1,"featured_media":0,"parent":0,"menu_order":0,"comment_status":"closed","ping_status":"closed","template":"","meta":[],"_links":{"self":[{"href":"https:\/\/lunahotel.md\/ro\/wp-json\/wp\/v2\/pages\/1683\/"}],"collection":[{"href":"https:\/\/lunahotel.md\/ro\/wp-json\/wp\/v2\/pages\/"}],"about":[{"href":"https:\/\/lunahotel.md\/ro\/wp-json\/wp\/v2\/types\/page\/"}],"author":[{"embeddable":true,"href":"https:\/\/lunahotel.md\/ro\/wp-json\/wp\/v2\/users\/1\/"}],"replies":[{"embeddable":true,"href":"https:\/\/lunahotel.md\/ro\/wp-json\/wp\/v2\/comments\/?post=1683"}],"version-history":[{"count":0,"href":"https:\/\/lunahotel.md\/ro\/wp-json\/wp\/v2\/pages\/1683\/revisions\/"}],"wp:attachment":[{"href":"https:\/\/lunahotel.md\/ro\/wp-json\/wp\/v2\/media\/?parent=1683"}],"curies":[{"name":"wp","href":"https:\/\/api.w.org\/{rel}","templated":true}]}}