{"id":1670,"date":"2019-03-30T21:48:21","date_gmt":"2019-03-30T18:48:21","guid":{"rendered":"https:\/\/lunahotel.md\/?page_id=1670"},"modified":"2019-05-23T15:06:51","modified_gmt":"2019-05-23T12:06:51","slug":"locatie","status":"publish","type":"page","link":"https:\/\/lunahotel.md\/ro\/locatie\/","title":{"rendered":"Loca\u021bie"},"content":{"rendered":"<p>[vc_row css=&#8221;.vc_custom_1554323402730{margin-bottom: 100px !important;}&#8221;][vc_column width=&#8221;1\/2&#8243;][vc_column_text]Hotelul nostru se afl\u0103 \u00een Moldova, Chi\u0219in\u0103u, situat\u00a0 \u00een centrul ora\u0219ului. Iubesc s\u0103-l viziteze, oameni care sunt vesti\u021bi din toat\u0103 lumea, VIP-uri, \u0219i oameni care iubesc pur \u0219i simplu s\u0103 c\u0103l\u0103toreasca \u0219i s\u0103 se odihneasc\u0103. La noi vin reprezentan\u021bi a diferitelor \u021b\u0103ri, care vin \u00een Moldova \u00een scopuri de afaceri, conferin\u021be interna\u021bionale, expozi\u021bii, t\u00eerguri.<\/p>\n<p>\u00cen hotelul nostru Luna, pute\u021bi comanda excursii, tururi pe la cele mai renumite locuri din Moldova. Pentru a participa la diverse manifesta\u021bii petrecute \u00een Moldova, Chi\u0219in\u0103u, pute\u021bi din timp s\u0103 rezerva\u021bi camera, at\u00e2t prin telefon, c\u00e2t \u0219i on-line. De asemenea pute\u021bi s\u0103 comanda\u021bi transfer de la aeroport, sau s\u0103 \u00eenchiria\u021bi un automobil, pentru a avea posibilitatea s\u0103 admira\u021bi locurile pitore\u0219ti ale Moldovei.[\/vc_column_text][\/vc_column][vc_column width=&#8221;1\/2&#8243;][vc_single_image image=&#8221;2090&#8243; img_size=&#8221;full&#8221; alignment=&#8221;center&#8221; style=&#8221;vc_box_rounded&#8221;][\/vc_column][\/vc_row][vc_row css=&#8221;.vc_custom_1555606981686{margin-bottom: 50px !important;}&#8221;][vc_column]\t\n\t\t\n\t\t\n\t<!-- BEGIN #google-map -->\n\t<div id=\"google-map-1\" style=\"width: 100%;height: 400px;\"><\/div>\n\n\t<script type=\"text\/javascript\">\n\n\t\tfunction initialize() {\n\n\t\t\t\/\/ Set Location\n\t\t\tvar myLatlng = new google.maps.LatLng(47.027955,28.819398);\n\n\t\t\t\/\/ Set Style\n\t\t\tvar styles = [\n\t\t\t    {\n\t\t\t      stylers: [\n\t\t\t        { hue: \"#b99470\" },\n\t\t\t        { saturation: -50 }\n\t\t\t      ]\n\t\t\t    },{\n\t\t\t      featureType: \"road\",\n\t\t\t      elementType: \"geometry\",\n\t\t\t      stylers: [\n\t\t\t        { lightness: 100 },\n\t\t\t        { visibility: \"simplified\" }\n\t\t\t      ]\n\t\t\t    },{\n\t\t\t      featureType: \"road\",\n\t\t\t      elementType: \"labels\",\n\t\t\t      stylers: [\n\t\t\t        { visibility: \"off\" }\n\t\t\t      ]\n\t\t\t    }\n\t\t\t  ];\n\n\t\t\t\/\/ Set Map Options\n\t\t\tvar mapOptions = {\n\t\t\t\tmapTypeControlOptions: {\n\t\t\t\t\tmapTypeIds: ['Styled']\n\t\t\t\t},\n\t\t\t\tcenter: myLatlng,\n\t\t\t\tzoom: 14,\n\t\t\t\tmapTypeId: 'Styled',\n\t\t\t\tscrollwheel: false,\n\t\t\t\tscaleControl: false,\n\t\t\t\tdisableDefaultUI: false\n\t\t\t};\n\n\t\t\t\/\/ Build Map\n\t\t\tvar map = new google.maps.Map(document.getElementById('google-map-1'), mapOptions);\n\t\t\tvar styledMapType = new google.maps.StyledMapType(styles, { name: 'Styled' });\n\t\t\tmap.mapTypes.set('Styled', styledMapType);\n\n\t\t\t\/\/ Set Map Marker\n\t\t\tvar contentString = 'Luna Hotel';\n\t\t\tvar infowindow = new google.maps.InfoWindow({\n\t\t\t\tcontent: contentString\n\t\t\t});\n\t\t\tvar marker = new google.maps.Marker({\n\t\t\t\tposition: myLatlng,\n\t\t\t\tmap: map,\n\t\t\t\ttitle: 'Map Marker 1',\n\t\t\t\ticon: {\n\t\t\t\t        path: fontawesome.markers.MAP_MARKER,\n\t\t\t\t        scale: 0.8,\n\t\t\t\t        strokeWeight: 0,\n\t\t\t\t        strokeColor: 'black',\n\t\t\t\t        strokeOpacity: 1,\n\t\t\t\t        fillColor: '#ca3113',\n\t\t\t\t        fillOpacity: 1,\n\t\t\t\t    },\n\t\t\t});\n\n\t\t\t\/\/ Display Map Marker\n\t\t\tgoogle.maps.event.addListener(marker, 'click', function() {\n\t\t\t\tinfowindow.open(map,marker);\n\t\t\t});\n\n\t\t}\n\n\t\t\/\/ Display Map\n\t\tgoogle.maps.event.addDomListener(window, 'load', initialize);\n\n\t<\/script>\n\t\n\t\n\t[\/vc_column][\/vc_row]<\/p>\n","protected":false},"excerpt":{"rendered":"<p>[vc_row css=&#8221;.vc_custom_1554323402730{margin-bottom: 100px !important;}&#8221;][vc_column width=&#8221;1\/2&#8243;][vc_column_text]Hotelul nostru se afl\u0103 \u00een Moldova, Chi\u0219in\u0103u, situat\u00a0 \u00een centrul ora\u0219ului. Iubesc s\u0103-l viziteze, oameni care sunt vesti\u021bi din toat\u0103 lumea, VIP-uri, \u0219i oameni care iubesc pur \u0219i simplu s\u0103 c\u0103l\u0103toreasca \u0219i s\u0103 se odihneasc\u0103. La noi vin reprezentan\u021bi a diferitelor \u021b\u0103ri, care vin \u00een Moldova \u00een scopuri de afaceri, conferin\u021be<\/p>\n<a href=\"https:\/\/lunahotel.md\/ro\/locatie\/\" class=\"sohohotel-more-link\">Mai mult<i class=\"fa fa-angle-right\"><\/i><\/a>","protected":false},"author":1,"featured_media":0,"parent":0,"menu_order":0,"comment_status":"closed","ping_status":"closed","template":"","meta":[],"_links":{"self":[{"href":"https:\/\/lunahotel.md\/ro\/wp-json\/wp\/v2\/pages\/1670\/"}],"collection":[{"href":"https:\/\/lunahotel.md\/ro\/wp-json\/wp\/v2\/pages\/"}],"about":[{"href":"https:\/\/lunahotel.md\/ro\/wp-json\/wp\/v2\/types\/page\/"}],"author":[{"embeddable":true,"href":"https:\/\/lunahotel.md\/ro\/wp-json\/wp\/v2\/users\/1\/"}],"replies":[{"embeddable":true,"href":"https:\/\/lunahotel.md\/ro\/wp-json\/wp\/v2\/comments\/?post=1670"}],"version-history":[{"count":0,"href":"https:\/\/lunahotel.md\/ro\/wp-json\/wp\/v2\/pages\/1670\/revisions\/"}],"wp:attachment":[{"href":"https:\/\/lunahotel.md\/ro\/wp-json\/wp\/v2\/media\/?parent=1670"}],"curies":[{"name":"wp","href":"https:\/\/api.w.org\/{rel}","templated":true}]}}